{"id":31,"date":"2017-03-27T22:53:48","date_gmt":"2017-03-27T20:53:48","guid":{"rendered":"http:\/\/fbz-trier.de\/wordpress\/wordpress\/?page_id=31"},"modified":"2021-11-12T17:35:39","modified_gmt":"2021-11-12T16:35:39","slug":"formulare","status":"publish","type":"page","link":"https:\/\/fbz-trier.de\/wordpress\/wordpress\/formulare\/","title":{"rendered":"Unterlagen"},"content":{"rendered":"<h3><strong>Beratungsantr\u00e4ge<\/strong><\/h3>\n<p>Stellen Sie pro Beratungsanfrage nur EINEN Antrag. W\u00e4hlen Sie bitte aus, ob es sich um eine sch\u00fclerbezogene Anfrage oder eine klassenbezogene Anfrage handelt. Die Frage nach dem F\u00f6rderschwerpunkt ist nur dann mit &#8222;Ja&#8220; zu beantworten, wenn tats\u00e4chlich ein sonderp\u00e4dagogischer F\u00f6rderbedarf seitens der ADD festgestellt wurde.<\/p>\n<p style=\"font-size: large;\"><strong>Beratungsantrag &#8222;Sch\u00fcler&#8220;<\/strong>: Laden Sie bitte diese <a href=\"http:\/\/fbz-trier.de\/wordpress\/wordpress\/wp-content\/uploads\/2019\/01\/BeratungsantragSch\u00c5ler18_11_27.pdf\"><span style=\"color: #ff6600;\"><strong><em>PDF-Datei<\/em><\/strong><\/span><\/a>, wenn Sie einen Beratungsantrag auf einen bestimmten Sch\u00fcler\/eine bestimmte Sch\u00fclerin bezogen stellen m\u00f6chten.<span style=\"color: #adbf2d;\"><a style=\"color: #adbf2d;\" href=\"http:\/\/fbz-trier.de\/wordpress\/wordpress\/wp-content\/uploads\/2017\/05\/Beratungsantrag.pdf\" target=\"_blank\" rel=\"noopener noreferrer\"><br \/>\n<\/a><\/span><strong>Beratungsantrag &#8222;Klasse\/Gruppe&#8220;<\/strong>: Laden Sie bitte diese <span style=\"color: #ff6600;\"><strong><em><a style=\"color: #ff6600;\" href=\"http:\/\/fbz-trier.de\/wordpress\/wordpress\/wp-content\/uploads\/2019\/01\/BeratungsantragKlasse18_11_27.pdf\">PDF-Datei<\/a><\/em><\/strong><\/span>, wenn Sie den Beratungsantrag nicht auf einen bestimmten Sch\u00fcler, sondern auf eine Lerngruppe oder die ganze Klasse bezogen stellen m\u00f6chten.<\/p>\n<h3 id=\"f\u00f6rderplan\"><strong>Weitere Unterlagen zum schulinternen Gebrauch<\/strong><\/h3>\n<p style=\"font-size: large;\"><strong>F\u00f6rderplan &#8211; ver\u00e4nderbare Vorlage<\/strong> im\u00a0<a href=\"http:\/\/fbz-trier.de\/wordpress\/wordpress\/wp-content\/uploads\/2018\/08\/VorlageF\u00f6rderplan18_08_28.docx\"><em><span style=\"color: #ff6600;\"><strong>Word-Format<\/strong><\/span><\/em><\/a>\u00a0f\u00fcr einen schulinternen F\u00f6rderplan.\u00a0Hier auch\u00a0als\u00a0<a href=\"http:\/\/fbz-trier.de\/wordpress\/wordpress\/wp-content\/uploads\/2018\/08\/VorlageF\u00f6rderplan18_08_28.odt\"><em><span style=\"color: #ff6600;\"><strong>ODT-Datei<\/strong><\/span><\/em><\/a>.\u00a0Die Dateien werden automatisch in Ihrem Download-Ordner gespeichert. Der F\u00f6rderplan ist den Eltern nach \u00a728 der GSchO zu erl\u00e4utern und mit ihnen bez\u00fcglich Art und Dauer abzustimmen.<\/p>\n<h3><strong>Unterlagen nur f\u00fcr den F\u00f6rderbereich Sehen<\/strong><\/h3>\n<p style=\"font-size: large;\">Beratungsantrag F\u00f6rderbereich\u00a0Sehen als <strong><em><span style=\"color: #ff6600;\"><a style=\"color: #ff6600;\" href=\"http:\/\/fbz-trier.de\/wordpress\/wordpress\/wp-content\/uploads\/2019\/01\/BeratungsantragSEHEN19_01_08.pdf\">PDF-Dokument<\/a><\/span><\/em><\/strong>.<br \/>\nSchweigepflichtentbindung f\u00fcr den F\u00f6rderbereich Sehen (falls erforderlich) als\u00a0<em><strong><span style=\"color: #ff6600;\"><a style=\"color: #ff6600;\" href=\"http:\/\/fbz-trier.de\/wordpress\/wordpress\/wp-content\/uploads\/2019\/01\/SchweigepflichtsentbindungSEHEN18_12_11.pdf\">PDF-Dokument<\/a><\/span><\/strong><em>.<\/em><br \/>\n<\/em><\/p>\n<h3 id=\"beratungsverzeichnis\"><strong>Beratungsverzeichnis f\u00fcr Trierer Schulen<\/strong><\/h3>\n<p>Das erstmalig von C.\u00a0Steinmetz, M. Philippi und R. Gra\u00df 2013 erstellte Verzeichnis der verschiedenen Beratungseinrichtungen in Trier liegt in einer vom FBZ Trier zum zweiten Mal aktualisierten und \u00fcberarbeiteten Form vor &#8211; Stand M\u00e4rz 2021. Es soll Sie in Ihrer Arbeit, in der Beratung von Eltern, Kolleginnen und Kollegen, unterst\u00fctzen.<\/p>\n<p>Das Beratungsverzeichnis im <a href=\"https:\/\/fbz-trier.de\/wordpress\/wordpress\/2021_03_15-beratungsverzeichnis-pdf\/\" rel=\"noopener noreferrer\"><em><strong><span style=\"color: #ff6600;\">PDF-Format<\/span><\/strong><\/em>.<\/a>\u00a0Dieses Format empfiehlt sich zum Ausdrucken und zur Weitergabe.<\/p>\n<p>Das Beratungsverzeichnis im <em><strong><span style=\"color: #ff6600;\"><a style=\"color: #ff6600;\" href=\"https:\/\/fbz-trier.de\/wordpress\/wordpress\/formulare\/\" rel=\"noopener noreferrer\">Word-Format<\/a><\/span><\/strong><\/em>. Dieses Format empfiehlt sich, wenn Sie ausschlie\u00dflich am Computer mit dem Dokument arbeiten\u00a0und die Funktion der Hyperlinks nutzen. Leider gibt es beim Ausdruck und beim Befehl &#8222;Felder aktualisieren&#8220; ungewollte Ver\u00e4nderungen am Dokument. Dann ist das Dokument durch nicht erw\u00fcnschte neue Formatierungen unbrauchbar.<\/p>\n<p><em>\u00a0<\/em><\/p>\n","protected":false},"excerpt":{"rendered":"<p>Beratungsantr\u00e4ge Stellen Sie pro Beratungsanfrage nur EINEN Antrag. W\u00e4hlen Sie bitte aus, ob es sich um eine sch\u00fclerbezogene Anfrage oder eine klassenbezogene Anfrage handelt. Die Frage nach dem F\u00f6rderschwerpunkt ist nur dann mit &#8222;Ja&#8220; zu beantworten, wenn tats\u00e4chlich ein sonderp\u00e4dagogischer F\u00f6rderbedarf seitens der ADD festgestellt wurde. Beratungsantrag &#8222;Sch\u00fcler&#8220;: Laden Sie\u2026<\/p>\n<p> <a class=\"continue-reading-link\" href=\"https:\/\/fbz-trier.de\/wordpress\/wordpress\/formulare\/\"><span>Continue reading<\/span><i class=\"crycon-right-dir\"><\/i><\/a><\/p>\n","protected":false},"author":1,"featured_media":0,"parent":0,"menu_order":0,"comment_status":"closed","ping_status":"closed","template":"","meta":[],"_links":{"self":[{"href":"https:\/\/fbz-trier.de\/wordpress\/wordpress\/wp-json\/wp\/v2\/pages\/31"}],"collection":[{"href":"https:\/\/fbz-trier.de\/wordpress\/wordpress\/wp-json\/wp\/v2\/pages"}],"about":[{"href":"https:\/\/fbz-trier.de\/wordpress\/wordpress\/wp-json\/wp\/v2\/types\/page"}],"author":[{"embeddable":true,"href":"https:\/\/fbz-trier.de\/wordpress\/wordpress\/wp-json\/wp\/v2\/users\/1"}],"replies":[{"embeddable":true,"href":"https:\/\/fbz-trier.de\/wordpress\/wordpress\/wp-json\/wp\/v2\/comments?post=31"}],"version-history":[{"count":85,"href":"https:\/\/fbz-trier.de\/wordpress\/wordpress\/wp-json\/wp\/v2\/pages\/31\/revisions"}],"predecessor-version":[{"id":1013,"href":"https:\/\/fbz-trier.de\/wordpress\/wordpress\/wp-json\/wp\/v2\/pages\/31\/revisions\/1013"}],"wp:attachment":[{"href":"https:\/\/fbz-trier.de\/wordpress\/wordpress\/wp-json\/wp\/v2\/media?parent=31"}],"curies":[{"name":"wp","href":"https:\/\/api.w.org\/{rel}","templated":true}]}}